{"id":6641,"date":"2024-10-18T10:30:41","date_gmt":"2024-10-18T08:30:41","guid":{"rendered":"https:\/\/www.hoteldelamer.bzh\/?page_id=6641"},"modified":"2024-10-18T10:47:51","modified_gmt":"2024-10-18T08:47:51","slug":"__trashed","status":"publish","type":"page","link":"https:\/\/www.hoteldelamer.bzh\/de\/__trashed\/","title":{"rendered":"Anmeldung Newsletter"},"content":{"rendered":"\t\t<div data-elementor-type=\"wp-page\" data-elementor-id=\"6641\" class=\"elementor elementor-6641\" data-elementor-post-type=\"page\">\n\t\t\t\t<section class=\"elementor-element elementor-element-34b8f71 e-con-full ecran1 e-flex e-con e-parent\" data-id=\"34b8f71\" data-element_type=\"container\" data-e-type=\"container\" id=\"ecran1\" data-settings=\"{&quot;background_background&quot;:&quot;classic&quot;}\">\n\t\t<div class=\"elementor-element elementor-element-aebb81f e-con-full container-titre e-flex e-con e-child\" data-id=\"aebb81f\" data-element_type=\"container\" data-e-type=\"container\">\n\t\t\t\t<div class=\"elementor-element elementor-element-af62846 elementor-widget elementor-widget-heading\" data-id=\"af62846\" data-element_type=\"widget\" data-e-type=\"widget\" data-widget_type=\"heading.default\">\n\t\t\t\t<div class=\"elementor-widget-container\">\n\t\t\t\t\t<span class=\"elementor-heading-title elementor-size-default\">Inscrivez-vous \u00e0 notre<\/span>\t\t\t\t<\/div>\n\t\t\t\t<\/div>\n\t\t\t\t<div class=\"elementor-element elementor-element-bc104d7 elementor-widget-mobile__width-initial elementor-widget elementor-widget-heading\" data-id=\"bc104d7\" data-element_type=\"widget\" data-e-type=\"widget\" data-widget_type=\"heading.default\">\n\t\t\t\t<div class=\"elementor-widget-container\">\n\t\t\t\t\t<h1 class=\"elementor-heading-title elementor-size-default\">Newsletter<\/h1>\t\t\t\t<\/div>\n\t\t\t\t<\/div>\n\t\t\t\t<\/div>\n\t\t\t\t<div class=\"elementor-element elementor-element-a6849f6 ancre elementor-view-default elementor-widget elementor-widget-icon\" data-id=\"a6849f6\" data-element_type=\"widget\" data-e-type=\"widget\" data-widget_type=\"icon.default\">\n\t\t\t\t<div class=\"elementor-widget-container\">\n\t\t\t\t\t\t\t<div class=\"elementor-icon-wrapper\">\n\t\t\t<a class=\"elementor-icon\" href=\"#ecran-formulaire\">\n\t\t\t<svg xmlns=\"http:\/\/www.w3.org\/2000\/svg\" width=\"30.71\" height=\"53.536\" viewBox=\"0 0 30.71 53.536\"><g id=\"Button-ancre\" transform=\"translate(1.192 0.85)\"><g id=\"Groupe_341\" data-name=\"Groupe 341\" transform=\"translate(2019.854 -1172.207) rotate(90)\"><line id=\"Ligne_94\" data-name=\"Ligne 94\" x2=\"51.483\" transform=\"translate(1172.207 2005.691)\" fill=\"none\" stroke=\"#fff\" stroke-linecap=\"round\" stroke-width=\"1.7\"><\/line><g id=\"Groupe_260\" data-name=\"Groupe 260\" transform=\"translate(1211.852 2019.854) rotate(-90)\"><path id=\"Trac&#xE9;_9\" data-name=\"Trac&#xE9; 9\" d=\"M0,0A172.236,172.236,0,0,1,14.163,11.838\" transform=\"translate(0 0)\" fill=\"none\" stroke=\"#fff\" stroke-linecap=\"round\" stroke-width=\"1.7\"><\/path><path id=\"Trac&#xE9;_10\" data-name=\"Trac&#xE9; 10\" d=\"M14.163,0A172.236,172.236,0,0,0,0,11.838\" transform=\"translate(14.163 0)\" fill=\"none\" stroke=\"#fff\" stroke-linecap=\"round\" stroke-width=\"1.7\"><\/path><\/g><\/g><\/g><\/svg>\t\t\t<\/a>\n\t\t<\/div>\n\t\t\t\t\t\t<\/div>\n\t\t\t\t<\/div>\n\t\t\t\t<\/section>\n\t\t<div class=\"elementor-element elementor-element-d30928f e-con-full div-footer div-newsletter e-flex e-con e-child\" data-id=\"d30928f\" data-element_type=\"container\" data-e-type=\"container\">\n\t\t\t\t<div class=\"elementor-element elementor-element-75418b2 elementor-widget elementor-widget-heading\" data-id=\"75418b2\" data-element_type=\"widget\" data-e-type=\"widget\" data-widget_type=\"heading.default\">\n\t\t\t\t<div class=\"elementor-widget-container\">\n\t\t\t\t\t<div class=\"elementor-heading-title elementor-size-default\">Newsletter<\/div>\t\t\t\t<\/div>\n\t\t\t\t<\/div>\n\t\t\t\t<div class=\"elementor-element elementor-element-f7be6ca elementor-widget__width-initial elementor-widget elementor-widget-text-editor\" data-id=\"f7be6ca\" data-element_type=\"widget\" data-e-type=\"widget\" data-widget_type=\"text-editor.default\">\n\t\t\t\t<div class=\"elementor-widget-container\">\n\t\t\t\t\t\t\t\t\t<p>Inscrivez vous pour recevoir toutes les infos, avoir acc\u00e8s \u00e0 des exclusivit\u00e9s et bien plus encore.<\/p>\t\t\t\t\t\t\t\t<\/div>\n\t\t\t\t<\/div>\n\t\t\t\t<div class=\"elementor-element elementor-element-f2f43ce elementor-button-align-center elementor-widget__width-initial elementor-widget-tablet_extra__width-initial elementor-widget elementor-widget-form\" data-id=\"f2f43ce\" data-element_type=\"widget\" data-e-type=\"widget\" data-settings=\"{&quot;button_width&quot;:&quot;20&quot;,&quot;button_width_mobile&quot;:&quot;20&quot;,&quot;step_next_label&quot;:&quot;Suivant&quot;,&quot;step_previous_label&quot;:&quot;Pr\\u00e9c\\u00e9dent&quot;,&quot;step_type&quot;:&quot;number_text&quot;,&quot;step_icon_shape&quot;:&quot;circle&quot;}\" data-widget_type=\"form.default\">\n\t\t\t\t<div class=\"elementor-widget-container\">\n\t\t\t\t\t\t\t<form class=\"elementor-form\" method=\"post\" name=\"newsletter\" aria-label=\"newsletter\">\n\t\t\t<input type=\"hidden\" name=\"post_id\" value=\"6641\"\/>\n\t\t\t<input type=\"hidden\" name=\"form_id\" value=\"f2f43ce\"\/>\n\t\t\t<input type=\"hidden\" name=\"referer_title\" value=\"Inscrivez-vous \u00e0 notre newsletter ! | H\u00f4tel dans le Finist\u00e8re avec vue mer\" \/>\n\n\t\t\t\t\t\t\t<input type=\"hidden\" name=\"queried_id\" value=\"6641\"\/>\n\t\t\t\n\t\t\t<div class=\"elementor-form-fields-wrapper elementor-labels-above\">\n\t\t\t\t\t\t\t\t<div class=\"elementor-field-type-email elementor-field-group elementor-column elementor-field-group-email elementor-col-80 elementor-sm-80 elementor-field-required\">\n\t\t\t\t\t\t\t\t\t\t\t\t\t<input size=\"1\" type=\"email\" name=\"form_fields[email]\" id=\"form-field-email\" class=\"elementor-field elementor-size-sm  elementor-field-textual\" placeholder=\"E-mail\" required=\"required\">\n\t\t\t\t\t\t\t\t\t\t\t<\/div>\n\t\t\t\t\t\t\t\t<div class=\"elementor-field-type-recaptcha_v3 elementor-field-group elementor-column elementor-field-group-field_9144234 elementor-col-100 recaptcha_v3-bottomright\">\n\t\t\t\t\t<div class=\"elementor-field\" id=\"form-field-field_9144234\"><div class=\"elementor-g-recaptcha\" data-sitekey=\"6LdUH7QpAAAAABQBESO7P5nQiIO1dUG4f4llNqmW\" data-type=\"v3\" data-action=\"Form\" data-badge=\"bottomright\" data-size=\"invisible\"><\/div><\/div>\t\t\t\t<\/div>\n\t\t\t\t\t\t\t\t<div class=\"elementor-field-group elementor-column elementor-field-type-submit elementor-col-20 e-form__buttons elementor-sm-20\">\n\t\t\t\t\t<button class=\"elementor-button elementor-size-sm\" type=\"submit\">\n\t\t\t\t\t\t<span class=\"elementor-button-content-wrapper\">\n\t\t\t\t\t\t\t\t\t\t\t\t\t\t\t<span class=\"elementor-button-icon\">\n\t\t\t\t\t\t\t\t\t<svg xmlns=\"http:\/\/www.w3.org\/2000\/svg\" width=\"53.397\" height=\"13.439\" viewBox=\"0 0 53.397 13.439\"><g transform=\"translate(0.5 0.5)\"><path d=\"M52.4.5H0A.5.5,0,0,1-.5,0,.5.5,0,0,1,0-.5H52.4a.5.5,0,0,1,.5.5A.5.5,0,0,1,52.4.5Z\" transform=\"translate(0 6.22)\" fill=\"#fff\"><\/path><g transform=\"translate(47.198 12.439) rotate(-90)\"><path d=\"M6.22,5.7a.5.5,0,0,1-.35-.143A76.242,76.242,0,0,0-.3.4.5.5,0,0,1-.4-.3.5.5,0,0,1,.3-.4,75.508,75.508,0,0,1,6.57,4.842a.5.5,0,0,1-.35.857Z\" fill=\"#fff\"><\/path><path d=\"M0,5.7a.5.5,0,0,1-.357-.15A.5.5,0,0,1-.35,4.842,75.508,75.508,0,0,1,5.915-.4a.5.5,0,0,1,.7.092.5.5,0,0,1-.092.7A76.241,76.241,0,0,0,.35,5.556.5.5,0,0,1,0,5.7Z\" transform=\"translate(6.22)\" fill=\"#fff\"><\/path><\/g><\/g><\/svg>\t\t\t\t\t\t\t\t\t\t\t\t\t\t\t\t\t\t\t<span class=\"elementor-screen-only\">Envoyer<\/span>\n\t\t\t\t\t\t\t\t\t\t\t\t\t\t\t\t\t<\/span>\n\t\t\t\t\t\t\t\t\t\t\t\t\t\t\t\t\t\t\t\t<\/span>\n\t\t\t\t\t<\/button>\n\t\t\t\t<\/div>\n\t\t\t<\/div>\n\t\t<\/form>\n\t\t\t\t\t\t<\/div>\n\t\t\t\t<\/div>\n\t\t\t\t<\/div>\n\t\t<div class=\"elementor-element elementor-element-27405bb e-flex e-con-boxed e-con e-parent\" data-id=\"27405bb\" data-element_type=\"container\" data-e-type=\"container\">\n\t\t\t\t\t<div class=\"e-con-inner\">\n\t\t\t\t<div class=\"elementor-element elementor-element-859643c elementor-widget elementor-widget-menu-card-details\" data-id=\"859643c\" data-element_type=\"widget\" data-e-type=\"widget\" data-widget_type=\"menu-card-details.default\">\n\t\t\t\t<div class=\"elementor-widget-container\">\n\t\t\t\t\t        <div class=\"eliophot-menu-card-details__menu-header\">\n                <\/div>\n            \t\t\t\t<\/div>\n\t\t\t\t<\/div>\n\t\t\t\t\t<\/div>\n\t\t\t\t<\/div>\n\t\t\t\t<\/div>\n\t\t","protected":false},"excerpt":{"rendered":"<p>Abonnieren Sie unseren Newsletter Newsletter Melden Sie sich an, um alle Infos zu erhalten, Zugang zu exklusiven Angeboten zu haben und vieles mehr.<\/p>","protected":false},"author":15,"featured_media":0,"parent":0,"menu_order":15,"comment_status":"closed","ping_status":"closed","template":"","meta":{"inline_featured_image":false,"footnotes":""},"class_list":["post-6641","page","type-page","status-publish","hentry"],"_links":{"self":[{"href":"https:\/\/www.hoteldelamer.bzh\/de\/wp-json\/wp\/v2\/pages\/6641","targetHints":{"allow":["GET"]}}],"collection":[{"href":"https:\/\/www.hoteldelamer.bzh\/de\/wp-json\/wp\/v2\/pages"}],"about":[{"href":"https:\/\/www.hoteldelamer.bzh\/de\/wp-json\/wp\/v2\/types\/page"}],"author":[{"embeddable":true,"href":"https:\/\/www.hoteldelamer.bzh\/de\/wp-json\/wp\/v2\/users\/15"}],"replies":[{"embeddable":true,"href":"https:\/\/www.hoteldelamer.bzh\/de\/wp-json\/wp\/v2\/comments?post=6641"}],"version-history":[{"count":34,"href":"https:\/\/www.hoteldelamer.bzh\/de\/wp-json\/wp\/v2\/pages\/6641\/revisions"}],"predecessor-version":[{"id":6675,"href":"https:\/\/www.hoteldelamer.bzh\/de\/wp-json\/wp\/v2\/pages\/6641\/revisions\/6675"}],"wp:attachment":[{"href":"https:\/\/www.hoteldelamer.bzh\/de\/wp-json\/wp\/v2\/media?parent=6641"}],"curies":[{"name":"wp","href":"https:\/\/api.w.org\/{rel}","templated":true}]}}