{"id":91,"date":"2024-02-27T14:20:53","date_gmt":"2024-02-27T13:20:53","guid":{"rendered":"https:\/\/www.hoteldelamer.bzh\/offres-speciales\/"},"modified":"2025-02-10T16:25:14","modified_gmt":"2025-02-10T15:25:14","slug":"sonderangebote-hotel-de-charme-finistere","status":"publish","type":"page","link":"https:\/\/www.hoteldelamer.bzh\/de\/offres-speciales-hotel-de-charme-finistere\/","title":{"rendered":"Besondere Angebote"},"content":{"rendered":"\t\t<div data-elementor-type=\"wp-page\" data-elementor-id=\"91\" class=\"elementor elementor-91\" data-elementor-post-type=\"page\">\n\t\t\t\t<section class=\"elementor-element elementor-element-2910766 e-con-full ecran1 e-flex e-con e-parent\" data-id=\"2910766\" data-element_type=\"container\" data-e-type=\"container\" data-settings=\"{&quot;background_background&quot;:&quot;classic&quot;}\">\n\t\t<div class=\"elementor-element elementor-element-ebb26e6 e-con-full container-titre e-flex e-con e-child\" data-id=\"ebb26e6\" data-element_type=\"container\" data-e-type=\"container\">\n\t\t\t\t<div class=\"elementor-element elementor-element-c298120 elementor-widget elementor-widget-heading\" data-id=\"c298120\" data-element_type=\"widget\" data-e-type=\"widget\" data-widget_type=\"heading.default\">\n\t\t\t\t<div class=\"elementor-widget-container\">\n\t\t\t\t\t<span class=\"elementor-heading-title elementor-size-default\">offres<\/span>\t\t\t\t<\/div>\n\t\t\t\t<\/div>\n\t\t\t\t<div class=\"elementor-element elementor-element-f739b7b elementor-widget-mobile__width-initial elementor-widget elementor-widget-heading\" data-id=\"f739b7b\" data-element_type=\"widget\" data-e-type=\"widget\" data-widget_type=\"heading.default\">\n\t\t\t\t<div class=\"elementor-widget-container\">\n\t\t\t\t\t<span class=\"elementor-heading-title elementor-size-default\">Sp\u00e9ciales<\/span>\t\t\t\t<\/div>\n\t\t\t\t<\/div>\n\t\t\t\t<\/div>\n\t\t\t\t<div class=\"elementor-element elementor-element-91ad48d elementor-view-default elementor-widget elementor-widget-icon\" data-id=\"91ad48d\" data-element_type=\"widget\" data-e-type=\"widget\" data-widget_type=\"icon.default\">\n\t\t\t\t<div class=\"elementor-widget-container\">\n\t\t\t\t\t\t\t<div class=\"elementor-icon-wrapper\">\n\t\t\t<a class=\"elementor-icon\" href=\"#ecran-offres\">\n\t\t\t<svg xmlns=\"http:\/\/www.w3.org\/2000\/svg\" width=\"30.71\" height=\"53.536\" viewBox=\"0 0 30.71 53.536\"><g id=\"Button-ancre\" transform=\"translate(1.192 0.85)\"><g id=\"Groupe_341\" data-name=\"Groupe 341\" transform=\"translate(2019.854 -1172.207) rotate(90)\"><line id=\"Ligne_94\" data-name=\"Ligne 94\" x2=\"51.483\" transform=\"translate(1172.207 2005.691)\" fill=\"none\" stroke=\"#fff\" stroke-linecap=\"round\" stroke-width=\"1.7\"><\/line><g id=\"Groupe_260\" data-name=\"Groupe 260\" transform=\"translate(1211.852 2019.854) rotate(-90)\"><path id=\"Trac&#xE9;_9\" data-name=\"Trac&#xE9; 9\" d=\"M0,0A172.236,172.236,0,0,1,14.163,11.838\" transform=\"translate(0 0)\" fill=\"none\" stroke=\"#fff\" stroke-linecap=\"round\" stroke-width=\"1.7\"><\/path><path id=\"Trac&#xE9;_10\" data-name=\"Trac&#xE9; 10\" d=\"M14.163,0A172.236,172.236,0,0,0,0,11.838\" transform=\"translate(14.163 0)\" fill=\"none\" stroke=\"#fff\" stroke-linecap=\"round\" stroke-width=\"1.7\"><\/path><\/g><\/g><\/g><\/svg>\t\t\t<\/a>\n\t\t<\/div>\n\t\t\t\t\t\t<\/div>\n\t\t\t\t<\/div>\n\t\t\t\t<\/section>\n\t\t<div class=\"elementor-element elementor-element-bd9c446 e-flex e-con-boxed e-con e-parent\" data-id=\"bd9c446\" data-element_type=\"container\" data-e-type=\"container\" id=\"ecran-offres\">\n\t\t\t\t\t<div class=\"e-con-inner\">\n\t\t<article class=\"elementor-element elementor-element-70ed27e e-con-full conteneur-text e-flex e-con e-child\" data-id=\"70ed27e\" data-element_type=\"container\" data-e-type=\"container\" data-settings=\"{&quot;background_background&quot;:&quot;classic&quot;}\">\n\t\t<div class=\"elementor-element elementor-element-eda53d3 e-flex e-con-boxed e-con e-child\" data-id=\"eda53d3\" data-element_type=\"container\" data-e-type=\"container\">\n\t\t\t\t\t<div class=\"e-con-inner\">\n\t\t\t\t<div class=\"elementor-element elementor-element-80be3e3 elementor-widget__width-inherit elementor-widget elementor-widget-heading\" data-id=\"80be3e3\" data-element_type=\"widget\" data-e-type=\"widget\" data-widget_type=\"heading.default\">\n\t\t\t\t<div class=\"elementor-widget-container\">\n\t\t\t\t\t<span class=\"elementor-heading-title elementor-size-default\">Toutes les offres <\/span>\t\t\t\t<\/div>\n\t\t\t\t<\/div>\n\t\t\t\t<div class=\"elementor-element elementor-element-a72bef9 elementor-widget__width-initial elementor-widget elementor-widget-heading\" data-id=\"a72bef9\" data-element_type=\"widget\" data-e-type=\"widget\" data-widget_type=\"heading.default\">\n\t\t\t\t<div class=\"elementor-widget-container\">\n\t\t\t\t\t<span class=\"elementor-heading-title elementor-size-default\">Sp\u00e9ciales<\/span>\t\t\t\t<\/div>\n\t\t\t\t<\/div>\n\t\t\t\t<div class=\"elementor-element elementor-element-4fa35cd elementor-widget elementor-widget-heading\" data-id=\"4fa35cd\" data-element_type=\"widget\" data-e-type=\"widget\" data-widget_type=\"heading.default\">\n\t\t\t\t<div class=\"elementor-widget-container\">\n\t\t\t\t\t<h1 class=\"elementor-heading-title elementor-size-default\">De votre h\u00f4tel de charme dans le Finist\u00e8re<\/h1>\t\t\t\t<\/div>\n\t\t\t\t<\/div>\n\t\t\t\t<div class=\"elementor-element elementor-element-664ceb4 elementor-widget__width-initial elementor-widget elementor-widget-text-editor\" data-id=\"664ceb4\" data-element_type=\"widget\" data-e-type=\"widget\" data-widget_type=\"text-editor.default\">\n\t\t\t\t<div class=\"elementor-widget-container\">\n\t\t\t\t\t\t\t\t\t<p>D\u00e9couvrez les avantages et offres sp\u00e9ciales possibles au sein de l&rsquo;H\u00f4tel de la Mer, magnifique h\u00f4tel 4 \u00e9toiles de charme dans le Finist\u00e8re Nord.<\/p>\t\t\t\t\t\t\t\t<\/div>\n\t\t\t\t<\/div>\n\t\t\t\t<div class=\"elementor-element elementor-element-adeaddd elementor-widget__width-initial elementor-widget elementor-widget-text-editor\" data-id=\"adeaddd\" data-element_type=\"widget\" data-e-type=\"widget\" data-widget_type=\"text-editor.default\">\n\t\t\t\t<div class=\"elementor-widget-container\">\n\t\t\t\t\t\t\t\t\t<p><strong>Actuellement nos meilleures offres sont sur notre site.<\/strong><\/p>\t\t\t\t\t\t\t\t<\/div>\n\t\t\t\t<\/div>\n\t\t\t\t\t<\/div>\n\t\t\t\t<\/div>\n\t\t\t\t<\/article>\n\t\t\t\t<div class=\"elementor-element elementor-element-37c3e09 elementor-grid-4 elementor-grid-laptop-3 elementor-pagination-type-bullets elementor-grid-tablet-2 elementor-grid-mobile-1 elementor-arrows-position-inside elementor-widget elementor-widget-offers-list\" data-id=\"37c3e09\" data-element_type=\"widget\" data-e-type=\"widget\" data-settings=\"{&quot;element_skin&quot;:&quot;card&quot;,&quot;slides_per_view&quot;:&quot;1&quot;,&quot;cards_columns&quot;:&quot;4&quot;,&quot;cards_columns_laptop&quot;:&quot;3&quot;,&quot;space_between&quot;:{&quot;unit&quot;:&quot;px&quot;,&quot;size&quot;:10,&quot;sizes&quot;:[]},&quot;space_between_laptop&quot;:{&quot;unit&quot;:&quot;px&quot;,&quot;size&quot;:&quot;&quot;,&quot;sizes&quot;:[]},&quot;space_between_tablet_extra&quot;:{&quot;unit&quot;:&quot;px&quot;,&quot;size&quot;:&quot;&quot;,&quot;sizes&quot;:[]},&quot;space_between_tablet&quot;:{&quot;unit&quot;:&quot;px&quot;,&quot;size&quot;:10,&quot;sizes&quot;:[]},&quot;space_between_mobile&quot;:{&quot;unit&quot;:&quot;px&quot;,&quot;size&quot;:10,&quot;sizes&quot;:[]},&quot;effect&quot;:&quot;slide&quot;,&quot;autoplay&quot;:&quot;no&quot;,&quot;swiper_arrows&quot;:&quot;yes&quot;,&quot;chevrons_visible&quot;:&quot;hover&quot;,&quot;cursor_grab&quot;:&quot;yes&quot;,&quot;carousel_first_only&quot;:&quot;no&quot;,&quot;infinite&quot;:&quot;yes&quot;,&quot;pagination&quot;:&quot;bullets&quot;,&quot;categories_filter&quot;:[&quot;*&quot;],&quot;item_ignore_filter&quot;:[],&quot;validity_date_format&quot;:&quot;long&quot;,&quot;cards_columns_tablet&quot;:&quot;2&quot;,&quot;cards_columns_mobile&quot;:&quot;1&quot;,&quot;row_gap&quot;:{&quot;unit&quot;:&quot;px&quot;,&quot;size&quot;:35,&quot;sizes&quot;:[]}}\" data-widget_type=\"offers-list.default\">\n\t\t\t\t<div class=\"elementor-widget-container\">\n\t\t\t\t\t                        <div class=\"eliophot-offers eliophot-offers__wrapper eliophot-base-list elementor-grid\">\n                    <input type=\"hidden\" class=\"api_id\" value=\"\">\n                            <div\n                class=\"eliophot-offer__container eliophot-base-list__container elementor-grid-item   eliophot-offer__skin-card eliophot-offer_ID_9856 \"\n                data-category=\"\"\n                data-title = \"L&#039;appel du large\"\n                data-name = \"appel-du-large\"\n        >\n            \n        <div class=\"eliophot-carousel__slider elementor-swiper\">\n\n                            <div class=\"eliophot-carousel-wrapper elementor-main-swiper swiper\">\n                    <div class=\"elementor-image-carousel swiper-wrapper swiper-image-stretch\">\n                        <!-- Slides -->\n                                                    <div class=\"swiper-slide\">\n                                <div class=\"elementor-carousel-image slide-0-image\" style=\"background-image: url('https:\/\/www.hoteldelamer.bzh\/wp-content\/uploads\/2025\/05\/Chambre-Premium-Landes-Hotel-de-la-Mer-2-scaled-e1747853690109.jpg');\"><\/div>\n                                <link itemprop=\"image\" href=\"https:\/\/www.hoteldelamer.bzh\/wp-content\/uploads\/2025\/05\/Chambre-Premium-Landes-Hotel-de-la-Mer-2-scaled-e1747853690109.jpg\" \/>\n                            <\/div>\n                                            <\/div>\n\n                \n                <\/div>\n            \n        <\/div>\n                    <div class=\"eliophot-offer__body\">\n                        <!-- TODO: if page link enabled -->\n        <div class=\"eliophot-offer__title\">\n            <span class=\"title_before\"><\/span>\n            <a  href=\"https:\/\/www.hoteldelamer.bzh\/de\/offres-speciales-hotel-de-charme-finistere\/appel-du-large\/\">\n                            L&#039;appel du large            <\/a>\n        <\/div>\n                    <div class=\"eliophot-offer__summary\">\n                <p\n                                    >\n                    Lorsque les premiers jours d\u2019avril r\u00e9veillent la c\u00f4te bretonne\u2026 Brignogan se d\u00e9voile dans toute sa splendeur                <\/p>\n            <\/div>\n                        <\/div>\n\n            \n        <div class=\"eliophot-offer__cta\" itemprop=\"offers\" itemscope itemtype=\"https:\/\/schema.org\/Offer\">\n            <div class=\"eliophot-offer__cta_container\">\n                                    <input type=\"hidden\" name=\"id_offer\" value=\"9856\"\/>\n                    <div class=\"eliophot-offer__cta_title\" itemprop=\"priceSpecification\" itemscope itemtype=\"https:\/\/schema.org\/UnitPriceSpecification\">\n                                            <\/div>\n\n                                <div class=\"eliophot-offer__cta_buttons\">\n                \n                                            <a href=\"https:\/\/www.hoteldelamer.bzh\/de\/offres-speciales-hotel-de-charme-finistere\/appel-du-large\/\" class=\"eliophot-offer__cta_button eliophot-offer__cta_button_second elementor-button-link elementor-button elementor-size-sm \">\n                            D\u00e9couvrir                        <\/a>\n                                    <\/div>\n            <\/div>\n        <\/div>\n                            <\/div>\n                <div\n                class=\"eliophot-offer__container eliophot-base-list__container elementor-grid-item   eliophot-offer__skin-card eliophot-offer_ID_9854 \"\n                data-category=\"\"\n                data-title = \"S&#039;\u00e9vader en famille\"\n                data-name = \"evasion-en-famille\"\n        >\n            \n        <div class=\"eliophot-carousel__slider elementor-swiper\">\n\n                            <div class=\"eliophot-carousel-wrapper elementor-main-swiper swiper\">\n                    <div class=\"elementor-image-carousel swiper-wrapper swiper-image-stretch\">\n                        <!-- Slides -->\n                                                    <div class=\"swiper-slide\">\n                                <div class=\"elementor-carousel-image slide-0-image\" style=\"background-image: url('https:\/\/www.hoteldelamer.bzh\/wp-content\/uploads\/2026\/01\/Capture-decran-2026-01-13-a-15.18.17.png');\"><\/div>\n                                <link itemprop=\"image\" href=\"https:\/\/www.hoteldelamer.bzh\/wp-content\/uploads\/2026\/01\/Capture-decran-2026-01-13-a-15.18.17.png\" \/>\n                            <\/div>\n                                            <\/div>\n\n                \n                <\/div>\n            \n        <\/div>\n                    <div class=\"eliophot-offer__body\">\n                        <!-- TODO: if page link enabled -->\n        <div class=\"eliophot-offer__title\">\n            <span class=\"title_before\"><\/span>\n            <a  href=\"https:\/\/www.hoteldelamer.bzh\/de\/offres-speciales-hotel-de-charme-finistere\/evasion-en-famille\/\">\n                            S&#039;\u00e9vader en famille            <\/a>\n        <\/div>\n                    <div class=\"eliophot-offer__summary\">\n                <p\n                                    >\n                    Le printemps est l\u2019occasion id\u00e9ale de se retrouver et de cr\u00e9er des souvenirs inoubliables\u2026                <\/p>\n            <\/div>\n                        <\/div>\n\n            \n        <div class=\"eliophot-offer__cta\" itemprop=\"offers\" itemscope itemtype=\"https:\/\/schema.org\/Offer\">\n            <div class=\"eliophot-offer__cta_container\">\n                                    <input type=\"hidden\" name=\"id_offer\" value=\"9854\"\/>\n                    <div class=\"eliophot-offer__cta_title\" itemprop=\"priceSpecification\" itemscope itemtype=\"https:\/\/schema.org\/UnitPriceSpecification\">\n                                            <\/div>\n\n                                <div class=\"eliophot-offer__cta_buttons\">\n                \n                                            <a href=\"https:\/\/www.hoteldelamer.bzh\/de\/offres-speciales-hotel-de-charme-finistere\/evasion-en-famille\/\" class=\"eliophot-offer__cta_button eliophot-offer__cta_button_second elementor-button-link elementor-button elementor-size-sm \">\n                            D\u00e9couvrir                        <\/a>\n                                    <\/div>\n            <\/div>\n        <\/div>\n                            <\/div>\n                <div\n                class=\"eliophot-offer__container eliophot-base-list__container elementor-grid-item   eliophot-offer__skin-card eliophot-offer_ID_9906 \"\n                data-category=\"\"\n                data-title = \"R\u00eave Prolong\u00e9 3=4\"\n                data-name = \"reve-prolonge-3-4\"\n        >\n            \n        <div class=\"eliophot-carousel__slider elementor-swiper\">\n\n                            <div class=\"eliophot-carousel-wrapper elementor-main-swiper swiper\">\n                    <div class=\"elementor-image-carousel swiper-wrapper swiper-image-stretch\">\n                        <!-- Slides -->\n                                                    <div class=\"swiper-slide\">\n                                <div class=\"elementor-carousel-image slide-0-image\" style=\"background-image: url('https:\/\/www.hoteldelamer.bzh\/wp-content\/uploads\/2026\/04\/Capture-decran-2026-04-24-a-15.10.33-e1777036263674.png');\"><\/div>\n                                <link itemprop=\"image\" href=\"https:\/\/www.hoteldelamer.bzh\/wp-content\/uploads\/2026\/04\/Capture-decran-2026-04-24-a-15.10.33-e1777036263674.png\" \/>\n                            <\/div>\n                                            <\/div>\n\n                \n                <\/div>\n            \n        <\/div>\n                    <div class=\"eliophot-offer__body\">\n                        <!-- TODO: if page link enabled -->\n        <div class=\"eliophot-offer__title\">\n            <span class=\"title_before\"><\/span>\n            <a  href=\"https:\/\/www.hoteldelamer.bzh\/de\/offres-speciales-hotel-de-charme-finistere\/reve-prolonge-3-4\/\">\n                            R\u00eave Prolong\u00e9 3=4            <\/a>\n        <\/div>\n                    <div class=\"eliophot-offer__summary\">\n                <p\n                                    >\n                    Profitez pleinement des beaux jours et \u00e9vadez-vous quelques jours.                <\/p>\n            <\/div>\n                        <\/div>\n\n            \n        <div class=\"eliophot-offer__cta\" itemprop=\"offers\" itemscope itemtype=\"https:\/\/schema.org\/Offer\">\n            <div class=\"eliophot-offer__cta_container\">\n                                    <input type=\"hidden\" name=\"id_offer\" value=\"9906\"\/>\n                    <div class=\"eliophot-offer__cta_title\" itemprop=\"priceSpecification\" itemscope itemtype=\"https:\/\/schema.org\/UnitPriceSpecification\">\n                                            <\/div>\n\n                                <div class=\"eliophot-offer__cta_buttons\">\n                \n                                            <a href=\"https:\/\/www.hoteldelamer.bzh\/de\/offres-speciales-hotel-de-charme-finistere\/reve-prolonge-3-4\/\" class=\"eliophot-offer__cta_button eliophot-offer__cta_button_second elementor-button-link elementor-button elementor-size-sm \">\n                            D\u00e9couvrir                        <\/a>\n                                    <\/div>\n            <\/div>\n        <\/div>\n                            <\/div>\n                <div\n                class=\"eliophot-offer__container eliophot-base-list__container elementor-grid-item   eliophot-offer__skin-card eliophot-offer_ID_9909 \"\n                data-category=\"\"\n                data-title = \"Rendez-vous du dimanche\"\n                data-name = \"rendez-vous-du-dimanche\"\n        >\n            \n        <div class=\"eliophot-carousel__slider elementor-swiper\">\n\n                            <div class=\"eliophot-carousel-wrapper elementor-main-swiper swiper\">\n                    <div class=\"elementor-image-carousel swiper-wrapper swiper-image-stretch\">\n                        <!-- Slides -->\n                                                    <div class=\"swiper-slide\">\n                                <div class=\"elementor-carousel-image slide-0-image\" style=\"background-image: url('https:\/\/www.hoteldelamer.bzh\/wp-content\/uploads\/2025\/07\/Plat-Hotel-de-la-Mer-18-scaled.jpg');\"><\/div>\n                                <link itemprop=\"image\" href=\"https:\/\/www.hoteldelamer.bzh\/wp-content\/uploads\/2025\/07\/Plat-Hotel-de-la-Mer-18-scaled.jpg\" \/>\n                            <\/div>\n                                            <\/div>\n\n                \n                <\/div>\n            \n        <\/div>\n                    <div class=\"eliophot-offer__body\">\n                        <!-- TODO: if page link enabled -->\n        <div class=\"eliophot-offer__title\">\n            <span class=\"title_before\"><\/span>\n            <a  href=\"https:\/\/www.hoteldelamer.bzh\/de\/offres-speciales-hotel-de-charme-finistere\/rendez-vous-du-dimanche\/\">\n                            Rendez-vous du dimanche            <\/a>\n        <\/div>\n                    <div class=\"eliophot-offer__summary\">\n                <p\n                                    >\n                    Et si vous prolongiez le week-end face \u00e0 la mer ?                <\/p>\n            <\/div>\n                        <\/div>\n\n            \n        <div class=\"eliophot-offer__cta\" itemprop=\"offers\" itemscope itemtype=\"https:\/\/schema.org\/Offer\">\n            <div class=\"eliophot-offer__cta_container\">\n                                    <input type=\"hidden\" name=\"id_offer\" value=\"9909\"\/>\n                    <div class=\"eliophot-offer__cta_title\" itemprop=\"priceSpecification\" itemscope itemtype=\"https:\/\/schema.org\/UnitPriceSpecification\">\n                                            <\/div>\n\n                                <div class=\"eliophot-offer__cta_buttons\">\n                \n                                            <a href=\"https:\/\/www.hoteldelamer.bzh\/de\/offres-speciales-hotel-de-charme-finistere\/rendez-vous-du-dimanche\/\" class=\"eliophot-offer__cta_button eliophot-offer__cta_button_second elementor-button-link elementor-button elementor-size-sm \">\n                            D\u00e9couvrir                        <\/a>\n                                    <\/div>\n            <\/div>\n        <\/div>\n                            <\/div>\n                        <\/div>\n\n                \t\t\t\t<\/div>\n\t\t\t\t<\/div>\n\t\t\t\t\t<\/div>\n\t\t\t\t<\/div>\n\t\t\t\t<\/div>\n\t\t","protected":false},"excerpt":{"rendered":"<p>offres Sp\u00e9ciales Toutes les offres Sp\u00e9ciales De votre h\u00f4tel de charme dans le Finist\u00e8re D\u00e9couvrez les avantages et offres sp\u00e9ciales possibles au sein de l&rsquo;H\u00f4tel de la Mer, magnifique h\u00f4tel 4 \u00e9toiles de charme dans le Finist\u00e8re Nord. Actuellement nos meilleures offres sont sur notre site. 1 = 50% sur la 2\u00e8me nuit Parce que [&hellip;]<\/p>\n","protected":false},"author":4,"featured_media":0,"parent":0,"menu_order":11,"comment_status":"closed","ping_status":"closed","template":"","meta":{"inline_featured_image":false,"footnotes":""},"class_list":["post-91","page","type-page","status-publish","hentry"],"_links":{"self":[{"href":"https:\/\/www.hoteldelamer.bzh\/de\/wp-json\/wp\/v2\/pages\/91","targetHints":{"allow":["GET"]}}],"collection":[{"href":"https:\/\/www.hoteldelamer.bzh\/de\/wp-json\/wp\/v2\/pages"}],"about":[{"href":"https:\/\/www.hoteldelamer.bzh\/de\/wp-json\/wp\/v2\/types\/page"}],"author":[{"embeddable":true,"href":"https:\/\/www.hoteldelamer.bzh\/de\/wp-json\/wp\/v2\/users\/4"}],"replies":[{"embeddable":true,"href":"https:\/\/www.hoteldelamer.bzh\/de\/wp-json\/wp\/v2\/comments?post=91"}],"version-history":[{"count":145,"href":"https:\/\/www.hoteldelamer.bzh\/de\/wp-json\/wp\/v2\/pages\/91\/revisions"}],"predecessor-version":[{"id":7461,"href":"https:\/\/www.hoteldelamer.bzh\/de\/wp-json\/wp\/v2\/pages\/91\/revisions\/7461"}],"wp:attachment":[{"href":"https:\/\/www.hoteldelamer.bzh\/de\/wp-json\/wp\/v2\/media?parent=91"}],"curies":[{"name":"wp","href":"https:\/\/api.w.org\/{rel}","templated":true}]}}