{"id":95,"date":"2024-02-27T14:20:53","date_gmt":"2024-02-27T13:20:53","guid":{"rendered":"https:\/\/www.hoteldelamer.bzh\/acces-contact\/"},"modified":"2026-03-27T09:43:56","modified_gmt":"2026-03-27T08:43:56","slug":"acces-contact-hotel-finistere-vue-mer","status":"publish","type":"page","link":"https:\/\/www.hoteldelamer.bzh\/en\/acces-contact-hotel-finistere-vue-mer\/","title":{"rendered":"Access &amp; Contact"},"content":{"rendered":"\t\t<div data-elementor-type=\"wp-page\" data-elementor-id=\"95\" class=\"elementor elementor-95\" data-elementor-post-type=\"page\">\n\t\t\t\t<section class=\"elementor-element elementor-element-34b8f71 e-con-full ecran1 e-flex e-con e-parent\" data-id=\"34b8f71\" data-element_type=\"container\" data-e-type=\"container\" id=\"ecran1\" data-settings=\"{&quot;background_background&quot;:&quot;classic&quot;}\">\n\t\t<div class=\"elementor-element elementor-element-aebb81f e-con-full container-titre e-flex e-con e-child\" data-id=\"aebb81f\" data-element_type=\"container\" data-e-type=\"container\">\n\t\t\t\t<div class=\"elementor-element elementor-element-af62846 elementor-widget elementor-widget-heading\" data-id=\"af62846\" data-element_type=\"widget\" data-e-type=\"widget\" data-widget_type=\"heading.default\">\n\t\t\t\t<div class=\"elementor-widget-container\">\n\t\t\t\t\t<span class=\"elementor-heading-title elementor-size-default\">Acc\u00e8s &amp; contact<\/span>\t\t\t\t<\/div>\n\t\t\t\t<\/div>\n\t\t\t\t<div class=\"elementor-element elementor-element-bc104d7 elementor-widget-mobile__width-initial elementor-widget elementor-widget-heading\" data-id=\"bc104d7\" data-element_type=\"widget\" data-e-type=\"widget\" data-widget_type=\"heading.default\">\n\t\t\t\t<div class=\"elementor-widget-container\">\n\t\t\t\t\t<h1 class=\"elementor-heading-title elementor-size-default\">H\u00f4tel dans le Finist\u00e8re avec vue mer<\/h1>\t\t\t\t<\/div>\n\t\t\t\t<\/div>\n\t\t\t\t<\/div>\n\t\t\t\t<div class=\"elementor-element elementor-element-a6849f6 ancre elementor-view-default elementor-widget elementor-widget-icon\" data-id=\"a6849f6\" data-element_type=\"widget\" data-e-type=\"widget\" data-widget_type=\"icon.default\">\n\t\t\t\t<div class=\"elementor-widget-container\">\n\t\t\t\t\t\t\t<div class=\"elementor-icon-wrapper\">\n\t\t\t<a class=\"elementor-icon\" href=\"#ecran-formulaire\">\n\t\t\t<svg xmlns=\"http:\/\/www.w3.org\/2000\/svg\" width=\"30.71\" height=\"53.536\" viewBox=\"0 0 30.71 53.536\"><g id=\"Button-ancre\" transform=\"translate(1.192 0.85)\"><g id=\"Groupe_341\" data-name=\"Groupe 341\" transform=\"translate(2019.854 -1172.207) rotate(90)\"><line id=\"Ligne_94\" data-name=\"Ligne 94\" x2=\"51.483\" transform=\"translate(1172.207 2005.691)\" fill=\"none\" stroke=\"#fff\" stroke-linecap=\"round\" stroke-width=\"1.7\"><\/line><g id=\"Groupe_260\" data-name=\"Groupe 260\" transform=\"translate(1211.852 2019.854) rotate(-90)\"><path id=\"Trac&#xE9;_9\" data-name=\"Trac&#xE9; 9\" d=\"M0,0A172.236,172.236,0,0,1,14.163,11.838\" transform=\"translate(0 0)\" fill=\"none\" stroke=\"#fff\" stroke-linecap=\"round\" stroke-width=\"1.7\"><\/path><path id=\"Trac&#xE9;_10\" data-name=\"Trac&#xE9; 10\" d=\"M14.163,0A172.236,172.236,0,0,0,0,11.838\" transform=\"translate(14.163 0)\" fill=\"none\" stroke=\"#fff\" stroke-linecap=\"round\" stroke-width=\"1.7\"><\/path><\/g><\/g><\/g><\/svg>\t\t\t<\/a>\n\t\t<\/div>\n\t\t\t\t\t\t<\/div>\n\t\t\t\t<\/div>\n\t\t\t\t<\/section>\n\t\t<section class=\"elementor-element elementor-element-67eb561 ecran-formulaire e-flex e-con-boxed e-con e-parent\" data-id=\"67eb561\" data-element_type=\"container\" data-e-type=\"container\" id=\"ecran-formulaire\">\n\t\t\t\t\t<div class=\"e-con-inner\">\n\t\t<div class=\"elementor-element elementor-element-86b2dc6 e-con-full col-left elementor-hidden-mobile e-flex e-con e-child\" data-id=\"86b2dc6\" data-element_type=\"container\" data-e-type=\"container\" data-settings=\"{&quot;background_background&quot;:&quot;classic&quot;}\">\n\t\t\t\t<\/div>\n\t\t<div class=\"elementor-element elementor-element-98abaaf e-con-full col-center e-flex e-con e-child\" data-id=\"98abaaf\" data-element_type=\"container\" data-e-type=\"container\">\n\t\t\t\t<div class=\"elementor-element elementor-element-3589705 title1 elementor-widget__width-initial elementor-widget elementor-widget-heading\" data-id=\"3589705\" data-element_type=\"widget\" data-e-type=\"widget\" data-widget_type=\"heading.default\">\n\t\t\t\t<div class=\"elementor-widget-container\">\n\t\t\t\t\t<span class=\"elementor-heading-title elementor-size-default\">contactez-nous<\/span>\t\t\t\t<\/div>\n\t\t\t\t<\/div>\n\t\t\t\t<div class=\"elementor-element elementor-element-5acaf5e elementor-widget__width-initial title2 elementor-widget elementor-widget-heading\" data-id=\"5acaf5e\" data-element_type=\"widget\" data-e-type=\"widget\" data-widget_type=\"heading.default\">\n\t\t\t\t<div class=\"elementor-widget-container\">\n\t\t\t\t\t<h2 class=\"elementor-heading-title elementor-size-default\">Le d\u00e9but du r\u00eave<\/h2>\t\t\t\t<\/div>\n\t\t\t\t<\/div>\n\t\t\t\t<div class=\"elementor-element elementor-element-df35df6 elementor-widget__width-initial text elementor-widget elementor-widget-text-editor\" data-id=\"df35df6\" data-element_type=\"widget\" data-e-type=\"widget\" data-widget_type=\"text-editor.default\">\n\t\t\t\t<div class=\"elementor-widget-container\">\n\t\t\t\t\t\t\t\t\t<p>Adressez-nous vos demandes via le formulaire ci-contre. Notre \u00e9quipe attentionn\u00e9e, soucieuse du moindre d\u00e9tail, s\u2019engage \u00e0 vous r\u00e9pondre dans les plus brefs d\u00e9lais afin de vous apporter toutes les informations souhait\u00e9es.<br data-start=\"300\" data-end=\"303\">Faire de votre exp\u00e9rience \u00e0 l\u2019H\u00f4tel de la Mer un moment aussi beau qu\u2019inattendu est notre plus grande fiert\u00e9.<\/p>\n<p><br><\/p>\n<p><b>Contact partenariats &amp; presse :&nbsp;<\/b><\/p>\n<p>Ana\u00efs DUGU\u00c9 &#8211; anais.dugue@hba.bzh<\/p>\t\t\t\t\t\t\t\t<\/div>\n\t\t\t\t<\/div>\n\t\t\t\t<\/div>\n\t\t<div class=\"elementor-element elementor-element-e4df56c e-con-full col-right e-flex e-con e-child\" data-id=\"e4df56c\" data-element_type=\"container\" data-e-type=\"container\" data-settings=\"{&quot;background_background&quot;:&quot;classic&quot;}\">\n\t\t\t\t<div class=\"elementor-element elementor-element-4fb7f6e elementor-button-align-end fond-clair elementor-widget elementor-widget-form\" data-id=\"4fb7f6e\" data-element_type=\"widget\" data-e-type=\"widget\" id=\"formulaire\" data-settings=\"{&quot;step_next_label&quot;:&quot;Suivant&quot;,&quot;step_previous_label&quot;:&quot;Pr\\u00e9c\\u00e9dent&quot;,&quot;button_width&quot;:&quot;100&quot;,&quot;step_type&quot;:&quot;number_text&quot;,&quot;step_icon_shape&quot;:&quot;circle&quot;}\" data-widget_type=\"form.default\">\n\t\t\t\t<div class=\"elementor-widget-container\">\n\t\t\t\t\t\t\t<form class=\"elementor-form\" method=\"post\" name=\"formulaire contact\" aria-label=\"formulaire contact\">\n\t\t\t<input type=\"hidden\" name=\"post_id\" value=\"95\"\/>\n\t\t\t<input type=\"hidden\" name=\"form_id\" value=\"4fb7f6e\"\/>\n\t\t\t<input type=\"hidden\" name=\"referer_title\" value=\"Acc\u00e8s &amp; Contact | Hotel dans le Finist\u00e8re avec vue mer\" \/>\n\n\t\t\t\t\t\t\t<input type=\"hidden\" name=\"queried_id\" value=\"95\"\/>\n\t\t\t\n\t\t\t<div class=\"elementor-form-fields-wrapper elementor-labels-above\">\n\t\t\t\t\t\t\t\t<div class=\"elementor-field-type-text elementor-field-group elementor-column elementor-field-group-name elementor-col-50 elementor-field-required elementor-mark-required\">\n\t\t\t\t\t\t\t\t\t\t\t\t<label for=\"form-field-name\" class=\"elementor-field-label\">\n\t\t\t\t\t\t\t\tNom :\t\t\t\t\t\t\t<\/label>\n\t\t\t\t\t\t\t\t\t\t\t\t\t\t<input size=\"1\" type=\"text\" name=\"form_fields[name]\" id=\"form-field-name\" class=\"elementor-field elementor-size-sm  elementor-field-textual\" required=\"required\">\n\t\t\t\t\t\t\t\t\t\t\t<\/div>\n\t\t\t\t\t\t\t\t<div class=\"elementor-field-type-text elementor-field-group elementor-column elementor-field-group-field_b7949d1 elementor-col-50 elementor-field-required elementor-mark-required\">\n\t\t\t\t\t\t\t\t\t\t\t\t<label for=\"form-field-field_b7949d1\" class=\"elementor-field-label\">\n\t\t\t\t\t\t\t\tPr\u00e9nom :\t\t\t\t\t\t\t<\/label>\n\t\t\t\t\t\t\t\t\t\t\t\t\t\t<input size=\"1\" type=\"text\" name=\"form_fields[field_b7949d1]\" id=\"form-field-field_b7949d1\" class=\"elementor-field elementor-size-sm  elementor-field-textual\" required=\"required\">\n\t\t\t\t\t\t\t\t\t\t\t<\/div>\n\t\t\t\t\t\t\t\t<div class=\"elementor-field-type-email elementor-field-group elementor-column elementor-field-group-email elementor-col-50 elementor-field-required elementor-mark-required\">\n\t\t\t\t\t\t\t\t\t\t\t\t<label for=\"form-field-email\" class=\"elementor-field-label\">\n\t\t\t\t\t\t\t\tAdresse e-mail :\t\t\t\t\t\t\t<\/label>\n\t\t\t\t\t\t\t\t\t\t\t\t\t\t<input size=\"1\" type=\"email\" name=\"form_fields[email]\" id=\"form-field-email\" class=\"elementor-field elementor-size-sm  elementor-field-textual\" required=\"required\">\n\t\t\t\t\t\t\t\t\t\t\t<\/div>\n\t\t\t\t\t\t\t\t<div class=\"elementor-field-type-tel elementor-field-group elementor-column elementor-field-group-field_f3ec356 elementor-col-50 elementor-field-required elementor-mark-required\">\n\t\t\t\t\t\t\t\t\t\t\t\t<label for=\"form-field-field_f3ec356\" class=\"elementor-field-label\">\n\t\t\t\t\t\t\t\tN\u00b0 t\u00e9l\u00e9phone :\t\t\t\t\t\t\t<\/label>\n\t\t\t\t\t\t\t\t<input size=\"1\" type=\"tel\" name=\"form_fields[field_f3ec356]\" id=\"form-field-field_f3ec356\" class=\"elementor-field elementor-size-sm  elementor-field-textual\" required=\"required\" pattern=\"[0-9()#&amp;+*-=.]+\" title=\"Seuls les caract\u00e8res de num\u00e9ros de t\u00e9l\u00e9phone (#, -, *, etc.) sont accept\u00e9s.\">\n\n\t\t\t\t\t\t<\/div>\n\t\t\t\t\t\t\t\t<div class=\"elementor-field-type-textarea elementor-field-group elementor-column elementor-field-group-message elementor-col-100 elementor-field-required elementor-mark-required\">\n\t\t\t\t\t\t\t\t\t\t\t\t<label for=\"form-field-message\" class=\"elementor-field-label\">\n\t\t\t\t\t\t\t\tDescription de la demande :\t\t\t\t\t\t\t<\/label>\n\t\t\t\t\t\t<textarea class=\"elementor-field-textual elementor-field  elementor-size-sm\" name=\"form_fields[message]\" id=\"form-field-message\" rows=\"5\" required=\"required\"><\/textarea>\t\t\t\t<\/div>\n\t\t\t\t\t\t\t\t<div class=\"elementor-field-type-checkbox elementor-field-group elementor-column elementor-field-group-field_40d75bb elementor-col-100\">\n\t\t\t\t\t\t\t\t\t\t\t\t<label for=\"form-field-field_40d75bb\" class=\"elementor-field-label\">\n\t\t\t\t\t\t\t\tOui, je donne mon consentement\t\t\t\t\t\t\t<\/label>\n\t\t\t\t\t\t<div class=\"elementor-field-subgroup  \"><span class=\"elementor-field-option\"><input type=\"checkbox\" value=\"\" id=\"form-field-field_40d75bb-0\" name=\"form_fields[field_40d75bb]\"> <label for=\"form-field-field_40d75bb-0\"><\/label><\/span><\/div>\t\t\t\t<\/div>\n\t\t\t\t\t\t\t\t<div class=\"elementor-field-type-recaptcha_v3 elementor-field-group elementor-column elementor-field-group-field_b90bc7d elementor-col-100 recaptcha_v3-bottomright\">\n\t\t\t\t\t<div class=\"elementor-field\" id=\"form-field-field_b90bc7d\"><div class=\"elementor-g-recaptcha\" data-sitekey=\"6LdUH7QpAAAAABQBESO7P5nQiIO1dUG4f4llNqmW\" data-type=\"v3\" data-action=\"Form\" data-badge=\"bottomright\" data-size=\"invisible\"><\/div><\/div>\t\t\t\t<\/div>\n\t\t\t\t\t\t\t\t<div class=\"elementor-field-group elementor-column elementor-field-type-submit elementor-col-100 e-form__buttons\">\n\t\t\t\t\t<button class=\"elementor-button elementor-size-sm\" type=\"submit\">\n\t\t\t\t\t\t<span class=\"elementor-button-content-wrapper\">\n\t\t\t\t\t\t\t\t\t\t\t\t\t\t\t\t\t\t\t\t\t\t<span class=\"elementor-button-text\">Envoyer le formulaire<\/span>\n\t\t\t\t\t\t\t\t\t\t\t\t\t<\/span>\n\t\t\t\t\t<\/button>\n\t\t\t\t<\/div>\n\t\t\t<\/div>\n\t\t<\/form>\n\t\t\t\t\t\t<\/div>\n\t\t\t\t<\/div>\n\t\t\t\t<div class=\"elementor-element elementor-element-af52b40 elementor-widget__width-inherit text-rgpd elementor-widget elementor-widget-text-editor\" data-id=\"af52b40\" data-element_type=\"widget\" data-e-type=\"widget\" data-widget_type=\"text-editor.default\">\n\t\t\t\t<div class=\"elementor-widget-container\">\n\t\t\t\t\t\t\t\t\t<p>* Champs obligatoires. Ces informations restent confidentielles et ne seront jamais diffus\u00e9es \u00e0 quelque organisme que ce soit. ** En soumettant ce formulaire, j\u2019accepte que les informations saisies dans ce formulaire soient utilis\u00e9es et trait\u00e9es pour permettre de me recontacter, dans le cadre de ma demande d\u2019informations, que ce soit par mail, ou t\u00e9l\u00e9phone. Pour conna\u00eetre et exercer vos droits, notamment de retrait de consentement \u00e0 l\u2019utilisation de donn\u00e9es collect\u00e9es par ce formulaire. Veuillez consulter notre politique de confidentialit\u00e9. <a href=\"https:\/\/www.hoteldelamer.bzh\/mentions-legales\/\">Mentions l\u00e9gales<\/a><\/p><p>\u00a0<\/p><p>Ce site est prot\u00e9g\u00e9 par reCAPTCHA \u2013\u00a0<a href=\"https:\/\/policies.google.com\/privacy\" target=\"_blank\" rel=\"noopener nofollow\">la politique de confidentialit\u00e9<\/a>\u00a0et\u00a0<a href=\"https:\/\/policies.google.com\/terms\" target=\"_blank\" rel=\"noopener nofollow\">les conditions de service<\/a>\u00a0de Google s\u2019appliquent.<\/p><p>\u00a0<\/p><p>Vous pouvez vous opposer au d\u00e9marchage t\u00e9l\u00e9phonique en vous inscrivant gratuitement sur la liste Bloctel :\u00a0<a class=\"underline hover:opacity-80\" href=\"https:\/\/www.bloctel.gouv.fr\/\" target=\"_blank\" rel=\"noopener nofollow\">https:\/\/www.bloctel.gouv.fr<\/a>. Nous respectons la liste Bloctel et nous nous engageons \u00e0 ne pas vous contacter si vous y \u00eates inscrit.<\/p>\t\t\t\t\t\t\t\t<\/div>\n\t\t\t\t<\/div>\n\t\t\t\t<\/div>\n\t\t\t\t\t<\/div>\n\t\t\t\t<\/section>\n\t\t<div class=\"elementor-element elementor-element-d8f3286 e-flex e-con-boxed e-con e-parent\" data-id=\"d8f3286\" data-element_type=\"container\" data-e-type=\"container\">\n\t\t\t\t\t<div class=\"e-con-inner\">\n\t\t\t\t<div class=\"elementor-element elementor-element-b90c56f elementor-widget elementor-widget-shortcode\" data-id=\"b90c56f\" data-element_type=\"widget\" data-e-type=\"widget\" data-widget_type=\"shortcode.default\">\n\t\t\t\t<div class=\"elementor-widget-container\">\n\t\t\t\t\t\t\t<div class=\"elementor-shortcode\"><style type=\"text\/css\" id=\"umsMapStyles_1_95081\">\r\n    #ultimate_maps_1_95081 {\r\n        width: 100%;\r\n        height: 600px;\r\n                border: 0px solid ;\r\n        margin: 0px;\r\n    }\r\n    #mapsControlsNum_1_95081 {\r\n        width:100%    }\r\n    .umsMapDetailsContainer#umsMapDetailsContainer_1_95081 {\r\n        height:600px;\r\n    }\r\n    .ums_MapPreview#ultimate_maps_1_95081 {\r\n        \/*position:absolute;*\/\r\n        width:100%;\r\n    }\r\n    #mapConElem_1_95081{\r\n        width:100%    }\r\n    <\/style><div class=\"ums_map_opts\" id=\"mapConElem_1_95081\" data-id=\"1\" data-view-id=\"1_95081\" > <div class=\"umsMapDetailsContainer\" id=\"umsMapDetailsContainer_1_95081\"> <i class=\"umsKMLLayersPreloader fa fa-spinner fa-spin\" aria-hidden=\"true\" style=\"display: none;\"><\/i> <div class=\"ums_MapPreview \" id=\"ultimate_maps_1_95081\"><\/div> <\/div> <div class=\"umsMapMarkerFilters\" id=\"umsMapMarkerFilters_1_95081\"> <\/div> <div class=\"umsMapProControlsCon\" id=\"umsMapProControlsCon_1_95081\"> <a title=\"WordPress Google Maps\" style=\"display:none;\" href=\"https:\/\/supsystic.com\/plugins\/google-maps-plugin\/?utm_medium=love_link_hide\" target=\"_blank\" rel=\"nofollow noopener\">WordPress Google Maps<\/a><div style=\"clear: both;\"><\/div> <\/div> <div class=\"umsMapProDirectionsCon\" id=\"umsMapProDirectionsCon_1_95081\" > <\/div> <div class=\"umsMapProKmlFilterCon\" id=\"umsMapProKmlFilterCon_1_95081\" > <\/div> <div class=\"umsSocialSharingShell umsSocialSharingShell_1_95081\"> <\/div> <div style=\"clear: both;\"><\/div> <\/div><\/div>\n\t\t\t\t\t\t<\/div>\n\t\t\t\t<\/div>\n\t\t\t\t\t<\/div>\n\t\t\t\t<\/div>\n\t\t<div class=\"elementor-element elementor-element-04f3fb6 comment-venir e-flex e-con-boxed e-con e-child\" data-id=\"04f3fb6\" data-element_type=\"container\" data-e-type=\"container\">\n\t\t\t\t\t<div class=\"e-con-inner\">\n\t\t<article class=\"elementor-element elementor-element-6246be9 e-con-full e-flex e-con e-child\" data-id=\"6246be9\" data-element_type=\"container\" data-e-type=\"container\">\n\t\t<div class=\"elementor-element elementor-element-0abad4d e-con-full e-flex e-con e-child\" data-id=\"0abad4d\" data-element_type=\"container\" data-e-type=\"container\">\n\t\t\t\t<div class=\"elementor-element elementor-element-0db5fec elementor-widget__width-auto elementor-widget elementor-widget-heading\" data-id=\"0db5fec\" data-element_type=\"widget\" data-e-type=\"widget\" data-widget_type=\"heading.default\">\n\t\t\t\t<div class=\"elementor-widget-container\">\n\t\t\t\t\t<span class=\"elementor-heading-title elementor-size-default\">comment<\/span>\t\t\t\t<\/div>\n\t\t\t\t<\/div>\n\t\t\t\t<div class=\"elementor-element elementor-element-a617714 elementor-widget__width-auto elementor-widget elementor-widget-heading\" data-id=\"a617714\" data-element_type=\"widget\" data-e-type=\"widget\" data-widget_type=\"heading.default\">\n\t\t\t\t<div class=\"elementor-widget-container\">\n\t\t\t\t\t<span class=\"elementor-heading-title elementor-size-default\">venir<\/span>\t\t\t\t<\/div>\n\t\t\t\t<\/div>\n\t\t\t\t<\/div>\n\t\t\t\t<div class=\"elementor-element elementor-element-9e68906 elementor-widget elementor-widget-heading\" data-id=\"9e68906\" data-element_type=\"widget\" data-e-type=\"widget\" data-widget_type=\"heading.default\">\n\t\t\t\t<div class=\"elementor-widget-container\">\n\t\t\t\t\t<h2 class=\"elementor-heading-title elementor-size-default\">dans votre h\u00f4tel du Finist\u00e8re avec vue mer<\/h2>\t\t\t\t<\/div>\n\t\t\t\t<\/div>\n\t\t\t\t<div class=\"elementor-element elementor-element-f9f8b18 elementor-widget__width-initial elementor-widget-mobile__width-inherit elementor-widget elementor-widget-text-editor\" data-id=\"f9f8b18\" data-element_type=\"widget\" data-e-type=\"widget\" data-widget_type=\"text-editor.default\">\n\t\t\t\t<div class=\"elementor-widget-container\">\n\t\t\t\t\t\t\t\t\t<p>C\u00f4te des L\u00e9gendes &#8211; Promenade des Chardons Bleus<br \/>Lieu-dit Poulpry<br \/>29890 Ploun\u00e9our-Brignogan-Plages<\/p><ul><li>40 minutes de l\u2019a\u00e9roport de Brest Bretagne<\/li><li>45 minutes de la gare maritime de Roscoff<\/li><li>50 minutes des gares TGV de Brest ou de Morlaix<\/li><\/ul>\t\t\t\t\t\t\t\t<\/div>\n\t\t\t\t<\/div>\n\t\t\t\t<\/article>\n\t\t<div class=\"elementor-element elementor-element-f9fb453 e-con-full e-flex e-con e-child\" data-id=\"f9fb453\" data-element_type=\"container\" data-e-type=\"container\">\n\t\t\t\t<div class=\"elementor-element elementor-element-d00ee7a image elementor-widget__width-inherit elementor-widget-laptop__width-inherit elementor-widget elementor-widget-image\" data-id=\"d00ee7a\" data-element_type=\"widget\" data-e-type=\"widget\" data-widget_type=\"image.default\">\n\t\t\t\t<div class=\"elementor-widget-container\">\n\t\t\t\t\t\t\t\t\t\t\t\t\t\t\t<img fetchpriority=\"high\" decoding=\"async\" width=\"1707\" height=\"2560\" src=\"https:\/\/www.hoteldelamer.bzh\/wp-content\/uploads\/2025\/05\/Hotel-de-la-Mer-Ambre-Clement-12-scaled.jpg\" class=\"attachment-full size-full wp-image-8342\" alt=\"\" srcset=\"https:\/\/www.hoteldelamer.bzh\/wp-content\/uploads\/2025\/05\/Hotel-de-la-Mer-Ambre-Clement-12-scaled.jpg 1707w, https:\/\/www.hoteldelamer.bzh\/wp-content\/uploads\/2025\/05\/Hotel-de-la-Mer-Ambre-Clement-12-200x300.jpg 200w, https:\/\/www.hoteldelamer.bzh\/wp-content\/uploads\/2025\/05\/Hotel-de-la-Mer-Ambre-Clement-12-683x1024.jpg 683w, https:\/\/www.hoteldelamer.bzh\/wp-content\/uploads\/2025\/05\/Hotel-de-la-Mer-Ambre-Clement-12-768x1152.jpg 768w, https:\/\/www.hoteldelamer.bzh\/wp-content\/uploads\/2025\/05\/Hotel-de-la-Mer-Ambre-Clement-12-1024x1536.jpg 1024w, https:\/\/www.hoteldelamer.bzh\/wp-content\/uploads\/2025\/05\/Hotel-de-la-Mer-Ambre-Clement-12-1365x2048.jpg 1365w, https:\/\/www.hoteldelamer.bzh\/wp-content\/uploads\/2025\/05\/Hotel-de-la-Mer-Ambre-Clement-12-8x12.jpg 8w\" sizes=\"(max-width: 1707px) 100vw, 1707px\" title=\"\">\t\t\t\t\t\t\t\t\t\t\t\t\t\t\t<\/div>\n\t\t\t\t<\/div>\n\t\t\t\t<\/div>\n\t\t\t\t\t<\/div>\n\t\t\t\t<\/div>\n\t\t<div class=\"elementor-element elementor-element-27405bb e-flex e-con-boxed e-con e-parent\" data-id=\"27405bb\" data-element_type=\"container\" data-e-type=\"container\">\n\t\t\t\t\t<div class=\"e-con-inner\">\n\t\t\t\t<div class=\"elementor-element elementor-element-859643c elementor-widget elementor-widget-menu-card-details\" data-id=\"859643c\" data-element_type=\"widget\" data-e-type=\"widget\" data-widget_type=\"menu-card-details.default\">\n\t\t\t\t<div class=\"elementor-widget-container\">\n\t\t\t\t\t        <div class=\"eliophot-menu-card-details__menu-header\">\n                <\/div>\n            \t\t\t\t<\/div>\n\t\t\t\t<\/div>\n\t\t\t\t\t<\/div>\n\t\t\t\t<\/div>\n\t\t\t\t<\/div>\n\t\t","protected":false},"excerpt":{"rendered":"<p>Acc\u00e8s &amp; contact H\u00f4tel dans le Finist\u00e8re avec vue mer contactez-nous Le d\u00e9but du r\u00eave Adressez-nous vos demandes via le formulaire ci-contre. Notre \u00e9quipe attentionn\u00e9e, soucieuse du moindre d\u00e9tail, s\u2019engage \u00e0 vous r\u00e9pondre dans les plus brefs d\u00e9lais afin de vous apporter toutes les informations souhait\u00e9es.Faire de votre exp\u00e9rience \u00e0 l\u2019H\u00f4tel de la Mer un [&hellip;]<\/p>\n","protected":false},"author":4,"featured_media":0,"parent":0,"menu_order":13,"comment_status":"closed","ping_status":"closed","template":"","meta":{"inline_featured_image":false,"footnotes":""},"class_list":["post-95","page","type-page","status-publish","hentry"],"_links":{"self":[{"href":"https:\/\/www.hoteldelamer.bzh\/en\/wp-json\/wp\/v2\/pages\/95","targetHints":{"allow":["GET"]}}],"collection":[{"href":"https:\/\/www.hoteldelamer.bzh\/en\/wp-json\/wp\/v2\/pages"}],"about":[{"href":"https:\/\/www.hoteldelamer.bzh\/en\/wp-json\/wp\/v2\/types\/page"}],"author":[{"embeddable":true,"href":"https:\/\/www.hoteldelamer.bzh\/en\/wp-json\/wp\/v2\/users\/4"}],"replies":[{"embeddable":true,"href":"https:\/\/www.hoteldelamer.bzh\/en\/wp-json\/wp\/v2\/comments?post=95"}],"version-history":[{"count":133,"href":"https:\/\/www.hoteldelamer.bzh\/en\/wp-json\/wp\/v2\/pages\/95\/revisions"}],"predecessor-version":[{"id":9877,"href":"https:\/\/www.hoteldelamer.bzh\/en\/wp-json\/wp\/v2\/pages\/95\/revisions\/9877"}],"wp:attachment":[{"href":"https:\/\/www.hoteldelamer.bzh\/en\/wp-json\/wp\/v2\/media?parent=95"}],"curies":[{"name":"wp","href":"https:\/\/api.w.org\/{rel}","templated":true}]}}